{"id":11811,"date":"2022-12-22T09:16:03","date_gmt":"2022-12-22T08:16:03","guid":{"rendered":"https:\/\/www.gotlamm.se\/?post_type=product&#038;p=11811"},"modified":"2026-02-15T17:00:55","modified_gmt":"2026-02-15T16:00:55","slug":"002-presentkort-2000-kr","status":"publish","type":"product","link":"https:\/\/www.gotlamm.se\/en\/product\/002-presentkort-2000-kr\/","title":{"rendered":"002 Presentkort 2000 kr"},"content":{"rendered":"","protected":false},"excerpt":{"rendered":"<p>Presentkort v\u00e4rde 2500 kr.<\/p>","protected":false},"featured_media":11837,"template":"","meta":{"_acf_changed":false},"product_brand":[],"product_cat":[9],"product_tag":[],"class_list":{"0":"post-11811","1":"product","2":"type-product","3":"status-publish","4":"has-post-thumbnail","6":"product_cat-alla-skinn","8":"first","9":"instock","10":"taxable","11":"shipping-taxable","12":"purchasable","13":"product-type-simple"},"acf":[],"yoast_head":"<!-- This site is optimized with the Yoast SEO plugin v26.8 - https:\/\/yoast.com\/product\/yoast-seo-wordpress\/ -->\n<title>002 Presentkort 2000 kr - F\u00e5rskinn och lammskinn fr\u00e5n Gotland<\/title>\n<meta name=\"robots\" content=\"index, follow, max-snippet:-1, max-image-preview:large, max-video-preview:-1\" \/>\n<link rel=\"canonical\" href=\"https:\/\/www.gotlamm.se\/en\/product\/002-presentkort-2000-kr\/\" \/>\n<meta property=\"og:locale\" content=\"en_US\" \/>\n<meta property=\"og:type\" content=\"article\" \/>\n<meta property=\"og:title\" content=\"002 Presentkort 2000 kr - F\u00e5rskinn och lammskinn fr\u00e5n Gotland\" \/>\n<meta property=\"og:description\" content=\"Presentkort v\u00e4rde 2500 kr.\" \/>\n<meta property=\"og:url\" content=\"https:\/\/www.gotlamm.se\/en\/product\/002-presentkort-2000-kr\/\" \/>\n<meta property=\"og:site_name\" content=\"F\u00e5rskinn och lammskinn fr\u00e5n Gotland\" \/>\n<meta property=\"article:modified_time\" content=\"2026-02-15T16:00:55+00:00\" \/>\n<meta property=\"og:image\" content=\"https:\/\/www.gotlamm.se\/wp-content\/uploads\/2022\/12\/Presentkort.png\" \/>\n\t<meta property=\"og:image:width\" content=\"1072\" \/>\n\t<meta property=\"og:image:height\" content=\"594\" \/>\n\t<meta property=\"og:image:type\" content=\"image\/png\" \/>\n<meta name=\"twitter:card\" content=\"summary_large_image\" \/>\n<meta name=\"twitter:label1\" content=\"Est. reading time\" \/>\n\t<meta name=\"twitter:data1\" content=\"1 minute\" \/>\n<!-- \/ Yoast SEO plugin. -->","yoast_head_json":{"title":"002 Presentkort 2000 kr - F\u00e5rskinn och lammskinn fr\u00e5n Gotland","robots":{"index":"index","follow":"follow","max-snippet":"max-snippet:-1","max-image-preview":"max-image-preview:large","max-video-preview":"max-video-preview:-1"},"canonical":"https:\/\/www.gotlamm.se\/en\/product\/002-presentkort-2000-kr\/","og_locale":"en_US","og_type":"article","og_title":"002 Presentkort 2000 kr - F\u00e5rskinn och lammskinn fr\u00e5n Gotland","og_description":"Presentkort v\u00e4rde 2500 kr.","og_url":"https:\/\/www.gotlamm.se\/en\/product\/002-presentkort-2000-kr\/","og_site_name":"F\u00e5rskinn och lammskinn fr\u00e5n Gotland","article_modified_time":"2026-02-15T16:00:55+00:00","og_image":[{"width":1072,"height":594,"url":"https:\/\/www.gotlamm.se\/wp-content\/uploads\/2022\/12\/Presentkort.png","type":"image\/png"}],"twitter_card":"summary_large_image","twitter_misc":{"Est. reading time":"1 minute"},"schema":{"@context":"https:\/\/schema.org","@graph":[{"@type":"WebPage","@id":"https:\/\/www.gotlamm.se\/produkt\/002-presentkort-2000-kr\/","url":"https:\/\/www.gotlamm.se\/produkt\/002-presentkort-2000-kr\/","name":"002 Presentkort 2000 kr - F\u00e5rskinn och lammskinn fr\u00e5n Gotland","isPartOf":{"@id":"https:\/\/www.gotlamm.se\/#website"},"primaryImageOfPage":{"@id":"https:\/\/www.gotlamm.se\/produkt\/002-presentkort-2000-kr\/#primaryimage"},"image":{"@id":"https:\/\/www.gotlamm.se\/produkt\/002-presentkort-2000-kr\/#primaryimage"},"thumbnailUrl":"https:\/\/www.gotlamm.se\/wp-content\/uploads\/2022\/12\/Presentkort.png","datePublished":"2022-12-22T08:16:03+00:00","dateModified":"2026-02-15T16:00:55+00:00","breadcrumb":{"@id":"https:\/\/www.gotlamm.se\/produkt\/002-presentkort-2000-kr\/#breadcrumb"},"inLanguage":"en-US","potentialAction":[{"@type":"ReadAction","target":["https:\/\/www.gotlamm.se\/produkt\/002-presentkort-2000-kr\/"]}]},{"@type":"ImageObject","inLanguage":"en-US","@id":"https:\/\/www.gotlamm.se\/produkt\/002-presentkort-2000-kr\/#primaryimage","url":"https:\/\/www.gotlamm.se\/wp-content\/uploads\/2022\/12\/Presentkort.png","contentUrl":"https:\/\/www.gotlamm.se\/wp-content\/uploads\/2022\/12\/Presentkort.png","width":1072,"height":594},{"@type":"BreadcrumbList","@id":"https:\/\/www.gotlamm.se\/produkt\/002-presentkort-2000-kr\/#breadcrumb","itemListElement":[{"@type":"ListItem","position":1,"name":"Hem","item":"https:\/\/www.gotlamm.se\/"},{"@type":"ListItem","position":2,"name":"Webbutik","item":"https:\/\/www.gotlamm.se\/webbutik\/"},{"@type":"ListItem","position":3,"name":"002 Presentkort 2000 kr"}]},{"@type":"WebSite","@id":"https:\/\/www.gotlamm.se\/#website","url":"https:\/\/www.gotlamm.se\/","name":"F\u00e5rskinn och lammskinn fr\u00e5n Gotland","description":"F\u00e5rskinn och lammskinn fr\u00e5n Gotland","publisher":{"@id":"https:\/\/www.gotlamm.se\/#organization"},"potentialAction":[{"@type":"SearchAction","target":{"@type":"EntryPoint","urlTemplate":"https:\/\/www.gotlamm.se\/?s={search_term_string}"},"query-input":{"@type":"PropertyValueSpecification","valueRequired":true,"valueName":"search_term_string"}}],"inLanguage":"en-US"},{"@type":"Organization","@id":"https:\/\/www.gotlamm.se\/#organization","name":"Gotlamm","url":"https:\/\/www.gotlamm.se\/","logo":{"@type":"ImageObject","inLanguage":"en-US","@id":"https:\/\/www.gotlamm.se\/#\/schema\/logo\/image\/","url":"https:\/\/www.gotlamm.se\/wp-content\/uploads\/2020\/10\/Gotlamm_Asofterworld1024_1.jpg","contentUrl":"https:\/\/www.gotlamm.se\/wp-content\/uploads\/2020\/10\/Gotlamm_Asofterworld1024_1.jpg","width":612,"height":548,"caption":"Gotlamm"},"image":{"@id":"https:\/\/www.gotlamm.se\/#\/schema\/logo\/image\/"}}]}},"_links":{"self":[{"href":"https:\/\/www.gotlamm.se\/en\/wp-json\/wp\/v2\/product\/11811","targetHints":{"allow":["GET"]}}],"collection":[{"href":"https:\/\/www.gotlamm.se\/en\/wp-json\/wp\/v2\/product"}],"about":[{"href":"https:\/\/www.gotlamm.se\/en\/wp-json\/wp\/v2\/types\/product"}],"wp:featuredmedia":[{"embeddable":true,"href":"https:\/\/www.gotlamm.se\/en\/wp-json\/wp\/v2\/media\/11837"}],"wp:attachment":[{"href":"https:\/\/www.gotlamm.se\/en\/wp-json\/wp\/v2\/media?parent=11811"}],"wp:term":[{"taxonomy":"product_brand","embeddable":true,"href":"https:\/\/www.gotlamm.se\/en\/wp-json\/wp\/v2\/product_brand?post=11811"},{"taxonomy":"product_cat","embeddable":true,"href":"https:\/\/www.gotlamm.se\/en\/wp-json\/wp\/v2\/product_cat?post=11811"},{"taxonomy":"product_tag","embeddable":true,"href":"https:\/\/www.gotlamm.se\/en\/wp-json\/wp\/v2\/product_tag?post=11811"}],"curies":[{"name":"wp","href":"https:\/\/api.w.org\/{rel}","templated":true}]}}