{"id":15058,"date":"2026-01-25T10:14:31","date_gmt":"2026-01-25T09:14:31","guid":{"rendered":"https:\/\/www.gotlamm.se\/?post_type=product&#038;p=15058"},"modified":"2026-01-25T10:14:32","modified_gmt":"2026-01-25T09:14:32","slug":"nr-185-ljusgratt-lammskinn","status":"publish","type":"product","link":"https:\/\/www.gotlamm.se\/en\/product\/nr-185-ljusgratt-lammskinn\/","title":{"rendered":"Nr 185 Ljusgr\u00e5tt lammskinn"},"content":{"rendered":"","protected":false},"excerpt":{"rendered":"<p class=\"price nectar-inherit-default\">Vackert storlockigt lammskinn med stadigt l\u00e4der, silvergr\u00e5 blandat med kritvita lockar i varierande storlek. Nedsatt pris pga blonda toner i kanterna.<\/p>\n<div class=\"woocommerce-product-details__short-description\">\n<div class=\"woocommerce-product-details__short-description\">\n<p>Storlek ca 110 x 80 cm.<\/p>\n<div class=\"woocommerce-product-details__short-description\">\n<p>Lenght of the wool approximate 3,5 cm<br \/>\nOrigin Gotland<\/p>\n<p>Frakt ing\u00e5r i priset inom Sverige.<br \/>\nSkinnet \u00e4r tv\u00e4ttbart i maskin. Sk\u00f6tselr\u00e5d medf\u00f6ljer.<\/p>\n<p>Remember to...<\/p>\n<p>1. Skinnet kan ha slipdamm\/noppor n\u00e4r det \u00e4r nytt. Dessa noppor s\u00e4tter sig g\u00e4rna p\u00e5 textilier men g\u00e5r att f\u00e5 bort med en dammsugare, kl\u00e4drulle eller l\u00e4tt fuktad trasa.<\/p>\n<p>2. Alla skinn kan ha sm\u00e5 h\u00e5l i l\u00e4dret oavsett pris. Dessa h\u00e5l kan l\u00e4tt uppst\u00e5 n\u00e4r l\u00e4dret handslipas under beredningen. Vid st\u00f6rre eller mer synliga skador beskrivs de i artikeltexten.<\/p>\n<\/div>\n<\/div>\n<\/div>","protected":false},"featured_media":15059,"template":"","meta":{"_acf_changed":false},"product_brand":[],"product_cat":[167,174,173,175,169,170,164,9],"product_tag":[48,82,34,45],"class_list":{"0":"post-15058","1":"product","2":"type-product","3":"status-publish","4":"has-post-thumbnail","6":"product_cat-anvandning","7":"product_cat-farg","8":"product_cat-kvalitet","9":"product_cat-ljusgra","10":"product_cat-skinn-for-inredning","11":"product_cat-skinn-for-utomhusbruk","12":"product_cat-standard","13":"product_cat-alla-skinn","14":"product_tag-fyndskinn","15":"product_tag-gra-lammskinn","16":"product_tag-ljusgratt-lammskinn","17":"product_tag-tvattbart-lammskinn","19":"first","20":"instock","21":"sold-individually","22":"taxable","23":"shipping-taxable","24":"purchasable","25":"product-type-simple"},"acf":[],"yoast_head":"<!-- This site is optimized with the Yoast SEO plugin v26.8 - https:\/\/yoast.com\/product\/yoast-seo-wordpress\/ -->\n<title>Nr 185 Ljusgr\u00e5tt lammskinn - F\u00e5rskinn och lammskinn fr\u00e5n Gotland<\/title>\n<meta name=\"robots\" content=\"index, follow, max-snippet:-1, max-image-preview:large, max-video-preview:-1\" \/>\n<link rel=\"canonical\" href=\"https:\/\/www.gotlamm.se\/en\/product\/nr-185-ljusgratt-lammskinn\/\" \/>\n<meta property=\"og:locale\" content=\"en_US\" \/>\n<meta property=\"og:type\" content=\"article\" \/>\n<meta property=\"og:title\" content=\"Nr 185 Ljusgr\u00e5tt lammskinn - F\u00e5rskinn och lammskinn fr\u00e5n Gotland\" \/>\n<meta property=\"og:description\" content=\"Vackert storlockigt lammskinn med stadigt l\u00e4der, silvergr\u00e5 blandat med kritvita lockar i varierande storlek. Nedsatt pris pga blonda toner i kanterna.     Storlek ca 110 x 80 cm.   L\u00e4ngd p\u00e5 ullen ca 3,5 cm. Ursprung: Gotland.  Frakt ing\u00e5r i priset inom Sverige. Skinnet \u00e4r tv\u00e4ttbart i maskin. Sk\u00f6tselr\u00e5d medf\u00f6ljer.  T\u00e4nk p\u00e5 att\u2026  1. Skinnet kan ha slipdamm\/noppor n\u00e4r det \u00e4r nytt. Dessa noppor s\u00e4tter sig g\u00e4rna p\u00e5 textilier men g\u00e5r att f\u00e5 bort med en dammsugare, kl\u00e4drulle eller l\u00e4tt fuktad trasa.  2. Alla skinn kan ha sm\u00e5 h\u00e5l i l\u00e4dret oavsett pris. Dessa h\u00e5l kan l\u00e4tt uppst\u00e5 n\u00e4r l\u00e4dret handslipas under beredningen. Vid st\u00f6rre eller mer synliga skador beskrivs de i artikeltexten.\" \/>\n<meta property=\"og:url\" content=\"https:\/\/www.gotlamm.se\/en\/product\/nr-185-ljusgratt-lammskinn\/\" \/>\n<meta property=\"og:site_name\" content=\"F\u00e5rskinn och lammskinn fr\u00e5n Gotland\" \/>\n<meta property=\"article:modified_time\" content=\"2026-01-25T09:14:32+00:00\" \/>\n<meta property=\"og:image\" content=\"https:\/\/www.gotlamm.se\/wp-content\/uploads\/2026\/01\/185-Lammskinn-Farskinn-Lambskin-Sheepskin-Schafsfell-Schafspeltz-scaled.jpg\" \/>\n\t<meta property=\"og:image:width\" content=\"1707\" \/>\n\t<meta property=\"og:image:height\" content=\"2560\" \/>\n\t<meta property=\"og:image:type\" content=\"image\/jpeg\" \/>\n<meta name=\"twitter:card\" content=\"summary_large_image\" \/>\n<meta name=\"twitter:label1\" content=\"Est. reading time\" \/>\n\t<meta name=\"twitter:data1\" content=\"1 minute\" \/>\n<!-- \/ Yoast SEO plugin. -->","yoast_head_json":{"title":"Nr 185 Ljusgr\u00e5tt lammskinn - F\u00e5rskinn och lammskinn fr\u00e5n Gotland","robots":{"index":"index","follow":"follow","max-snippet":"max-snippet:-1","max-image-preview":"max-image-preview:large","max-video-preview":"max-video-preview:-1"},"canonical":"https:\/\/www.gotlamm.se\/en\/product\/nr-185-ljusgratt-lammskinn\/","og_locale":"en_US","og_type":"article","og_title":"Nr 185 Ljusgr\u00e5tt lammskinn - F\u00e5rskinn och lammskinn fr\u00e5n Gotland","og_description":"Vackert storlockigt lammskinn med stadigt l\u00e4der, silvergr\u00e5 blandat med kritvita lockar i varierande storlek. Nedsatt pris pga blonda toner i kanterna.     Storlek ca 110 x 80 cm.   L\u00e4ngd p\u00e5 ullen ca 3,5 cm. Ursprung: Gotland.  Frakt ing\u00e5r i priset inom Sverige. Skinnet \u00e4r tv\u00e4ttbart i maskin. Sk\u00f6tselr\u00e5d medf\u00f6ljer.  T\u00e4nk p\u00e5 att\u2026  1. Skinnet kan ha slipdamm\/noppor n\u00e4r det \u00e4r nytt. Dessa noppor s\u00e4tter sig g\u00e4rna p\u00e5 textilier men g\u00e5r att f\u00e5 bort med en dammsugare, kl\u00e4drulle eller l\u00e4tt fuktad trasa.  2. Alla skinn kan ha sm\u00e5 h\u00e5l i l\u00e4dret oavsett pris. Dessa h\u00e5l kan l\u00e4tt uppst\u00e5 n\u00e4r l\u00e4dret handslipas under beredningen. Vid st\u00f6rre eller mer synliga skador beskrivs de i artikeltexten.","og_url":"https:\/\/www.gotlamm.se\/en\/product\/nr-185-ljusgratt-lammskinn\/","og_site_name":"F\u00e5rskinn och lammskinn fr\u00e5n Gotland","article_modified_time":"2026-01-25T09:14:32+00:00","og_image":[{"width":1707,"height":2560,"url":"https:\/\/www.gotlamm.se\/wp-content\/uploads\/2026\/01\/185-Lammskinn-Farskinn-Lambskin-Sheepskin-Schafsfell-Schafspeltz-scaled.jpg","type":"image\/jpeg"}],"twitter_card":"summary_large_image","twitter_misc":{"Est. reading time":"1 minute"},"schema":{"@context":"https:\/\/schema.org","@graph":[{"@type":"WebPage","@id":"https:\/\/www.gotlamm.se\/produkt\/nr-185-ljusgratt-lammskinn\/","url":"https:\/\/www.gotlamm.se\/produkt\/nr-185-ljusgratt-lammskinn\/","name":"Nr 185 Ljusgr\u00e5tt lammskinn - F\u00e5rskinn och lammskinn fr\u00e5n Gotland","isPartOf":{"@id":"https:\/\/www.gotlamm.se\/#website"},"primaryImageOfPage":{"@id":"https:\/\/www.gotlamm.se\/produkt\/nr-185-ljusgratt-lammskinn\/#primaryimage"},"image":{"@id":"https:\/\/www.gotlamm.se\/produkt\/nr-185-ljusgratt-lammskinn\/#primaryimage"},"thumbnailUrl":"https:\/\/www.gotlamm.se\/wp-content\/uploads\/2026\/01\/185-Lammskinn-Farskinn-Lambskin-Sheepskin-Schafsfell-Schafspeltz-scaled.jpg","datePublished":"2026-01-25T09:14:31+00:00","dateModified":"2026-01-25T09:14:32+00:00","breadcrumb":{"@id":"https:\/\/www.gotlamm.se\/produkt\/nr-185-ljusgratt-lammskinn\/#breadcrumb"},"inLanguage":"en-US","potentialAction":[{"@type":"ReadAction","target":["https:\/\/www.gotlamm.se\/produkt\/nr-185-ljusgratt-lammskinn\/"]}]},{"@type":"ImageObject","inLanguage":"en-US","@id":"https:\/\/www.gotlamm.se\/produkt\/nr-185-ljusgratt-lammskinn\/#primaryimage","url":"https:\/\/www.gotlamm.se\/wp-content\/uploads\/2026\/01\/185-Lammskinn-Farskinn-Lambskin-Sheepskin-Schafsfell-Schafspeltz-scaled.jpg","contentUrl":"https:\/\/www.gotlamm.se\/wp-content\/uploads\/2026\/01\/185-Lammskinn-Farskinn-Lambskin-Sheepskin-Schafsfell-Schafspeltz-scaled.jpg","width":1707,"height":2560},{"@type":"BreadcrumbList","@id":"https:\/\/www.gotlamm.se\/produkt\/nr-185-ljusgratt-lammskinn\/#breadcrumb","itemListElement":[{"@type":"ListItem","position":1,"name":"Hem","item":"https:\/\/www.gotlamm.se\/"},{"@type":"ListItem","position":2,"name":"Webbutik","item":"https:\/\/www.gotlamm.se\/webbutik\/"},{"@type":"ListItem","position":3,"name":"Nr 185 Ljusgr\u00e5tt lammskinn"}]},{"@type":"WebSite","@id":"https:\/\/www.gotlamm.se\/#website","url":"https:\/\/www.gotlamm.se\/","name":"F\u00e5rskinn och lammskinn fr\u00e5n Gotland","description":"F\u00e5rskinn och lammskinn fr\u00e5n Gotland","publisher":{"@id":"https:\/\/www.gotlamm.se\/#organization"},"potentialAction":[{"@type":"SearchAction","target":{"@type":"EntryPoint","urlTemplate":"https:\/\/www.gotlamm.se\/?s={search_term_string}"},"query-input":{"@type":"PropertyValueSpecification","valueRequired":true,"valueName":"search_term_string"}}],"inLanguage":"en-US"},{"@type":"Organization","@id":"https:\/\/www.gotlamm.se\/#organization","name":"Gotlamm","url":"https:\/\/www.gotlamm.se\/","logo":{"@type":"ImageObject","inLanguage":"en-US","@id":"https:\/\/www.gotlamm.se\/#\/schema\/logo\/image\/","url":"https:\/\/www.gotlamm.se\/wp-content\/uploads\/2020\/10\/Gotlamm_Asofterworld1024_1.jpg","contentUrl":"https:\/\/www.gotlamm.se\/wp-content\/uploads\/2020\/10\/Gotlamm_Asofterworld1024_1.jpg","width":612,"height":548,"caption":"Gotlamm"},"image":{"@id":"https:\/\/www.gotlamm.se\/#\/schema\/logo\/image\/"}}]}},"_links":{"self":[{"href":"https:\/\/www.gotlamm.se\/en\/wp-json\/wp\/v2\/product\/15058","targetHints":{"allow":["GET"]}}],"collection":[{"href":"https:\/\/www.gotlamm.se\/en\/wp-json\/wp\/v2\/product"}],"about":[{"href":"https:\/\/www.gotlamm.se\/en\/wp-json\/wp\/v2\/types\/product"}],"wp:featuredmedia":[{"embeddable":true,"href":"https:\/\/www.gotlamm.se\/en\/wp-json\/wp\/v2\/media\/15059"}],"wp:attachment":[{"href":"https:\/\/www.gotlamm.se\/en\/wp-json\/wp\/v2\/media?parent=15058"}],"wp:term":[{"taxonomy":"product_brand","embeddable":true,"href":"https:\/\/www.gotlamm.se\/en\/wp-json\/wp\/v2\/product_brand?post=15058"},{"taxonomy":"product_cat","embeddable":true,"href":"https:\/\/www.gotlamm.se\/en\/wp-json\/wp\/v2\/product_cat?post=15058"},{"taxonomy":"product_tag","embeddable":true,"href":"https:\/\/www.gotlamm.se\/en\/wp-json\/wp\/v2\/product_tag?post=15058"}],"curies":[{"name":"wp","href":"https:\/\/api.w.org\/{rel}","templated":true}]}}