{"id":15118,"date":"2026-02-15T17:35:11","date_gmt":"2026-02-15T16:35:11","guid":{"rendered":"https:\/\/www.gotlamm.se\/?post_type=product&#038;p=15118"},"modified":"2026-02-15T17:40:29","modified_gmt":"2026-02-15T16:40:29","slug":"40-41-farskinnstofflor","status":"publish","type":"product","link":"https:\/\/www.gotlamm.se\/en\/product\/40-41-farskinnstofflor\/","title":{"rendered":"40-41 F\u00e5rskinnstofflor"},"content":{"rendered":"","protected":false},"excerpt":{"rendered":"<p>Supersk\u00f6na och varma f\u00e5rskinnstofflor.<\/p>\n<p>Med skinn fr\u00e5n v\u00e5r egen g\u00e5rd, tjock t\u00e4t ull p\u00e5 insidan och en dekorkant av lockig Gotlandsp\u00e4ls. Vaxat l\u00e4der f\u00f6r skydd mot fl\u00e4ckar och l\u00e4ngre h\u00e5llbarhet.<\/p>\n<p>F\u00e4rg: Gr\u00e5bl\u00e5<\/p>\n<p>Storlek: 40\/41<\/p>\n<p>Ursprung: Gotland<\/p>\n<p>Frakt ing\u00e5r i priset inom Sverige.<br \/>\nTofflorna \u00e4r tv\u00e4ttbara.<\/p>","protected":false},"featured_media":15113,"template":"","meta":{"_acf_changed":false},"product_brand":[],"product_cat":[167,292,173,164,9],"product_tag":[293,37],"class_list":{"0":"post-15118","1":"product","2":"type-product","3":"status-publish","4":"has-post-thumbnail","6":"product_cat-anvandning","7":"product_cat-farskinnstofflor","8":"product_cat-kvalitet","9":"product_cat-standard","10":"product_cat-alla-skinn","11":"product_tag-farskinnstofflor","12":"product_tag-tvattbart-farskinn","14":"first","15":"instock","16":"taxable","17":"shipping-taxable","18":"purchasable","19":"product-type-simple"},"acf":[],"yoast_head":"<!-- This site is optimized with the Yoast SEO plugin v26.8 - https:\/\/yoast.com\/product\/yoast-seo-wordpress\/ -->\n<title>40-41 F\u00e5rskinnstofflor - F\u00e5rskinn och lammskinn fr\u00e5n Gotland<\/title>\n<meta name=\"robots\" content=\"index, follow, max-snippet:-1, max-image-preview:large, max-video-preview:-1\" \/>\n<link rel=\"canonical\" href=\"https:\/\/www.gotlamm.se\/en\/product\/40-41-farskinnstofflor\/\" \/>\n<meta property=\"og:locale\" content=\"en_US\" \/>\n<meta property=\"og:type\" content=\"article\" \/>\n<meta property=\"og:title\" content=\"40-41 F\u00e5rskinnstofflor - F\u00e5rskinn och lammskinn fr\u00e5n Gotland\" \/>\n<meta property=\"og:description\" content=\"Supersk\u00f6na och varma f\u00e5rskinnstofflor.  Med skinn fr\u00e5n v\u00e5r egen g\u00e5rd, tjock t\u00e4t ull p\u00e5 insidan och en dekorkant av lockig Gotlandsp\u00e4ls. Vaxat l\u00e4der f\u00f6r skydd mot fl\u00e4ckar och l\u00e4ngre h\u00e5llbarhet.  F\u00e4rg: Gr\u00e5bl\u00e5  Storlek: 40\/41  Ursprung: Gotland  Frakt ing\u00e5r i priset inom Sverige. Tofflorna \u00e4r tv\u00e4ttbara.\" \/>\n<meta property=\"og:url\" content=\"https:\/\/www.gotlamm.se\/en\/product\/40-41-farskinnstofflor\/\" \/>\n<meta property=\"og:site_name\" content=\"F\u00e5rskinn och lammskinn fr\u00e5n Gotland\" \/>\n<meta property=\"article:modified_time\" content=\"2026-02-15T16:40:29+00:00\" \/>\n<meta property=\"og:image\" content=\"https:\/\/www.gotlamm.se\/wp-content\/uploads\/2026\/02\/IMG_5587-scaled.jpeg\" \/>\n\t<meta property=\"og:image:width\" content=\"1920\" \/>\n\t<meta property=\"og:image:height\" content=\"2560\" \/>\n\t<meta property=\"og:image:type\" content=\"image\/jpeg\" \/>\n<meta name=\"twitter:card\" content=\"summary_large_image\" \/>\n<meta name=\"twitter:label1\" content=\"Est. reading time\" \/>\n\t<meta name=\"twitter:data1\" content=\"1 minute\" \/>\n<!-- \/ Yoast SEO plugin. -->","yoast_head_json":{"title":"40-41 F\u00e5rskinnstofflor - F\u00e5rskinn och lammskinn fr\u00e5n Gotland","robots":{"index":"index","follow":"follow","max-snippet":"max-snippet:-1","max-image-preview":"max-image-preview:large","max-video-preview":"max-video-preview:-1"},"canonical":"https:\/\/www.gotlamm.se\/en\/product\/40-41-farskinnstofflor\/","og_locale":"en_US","og_type":"article","og_title":"40-41 F\u00e5rskinnstofflor - F\u00e5rskinn och lammskinn fr\u00e5n Gotland","og_description":"Supersk\u00f6na och varma f\u00e5rskinnstofflor.  Med skinn fr\u00e5n v\u00e5r egen g\u00e5rd, tjock t\u00e4t ull p\u00e5 insidan och en dekorkant av lockig Gotlandsp\u00e4ls. Vaxat l\u00e4der f\u00f6r skydd mot fl\u00e4ckar och l\u00e4ngre h\u00e5llbarhet.  F\u00e4rg: Gr\u00e5bl\u00e5  Storlek: 40\/41  Ursprung: Gotland  Frakt ing\u00e5r i priset inom Sverige. Tofflorna \u00e4r tv\u00e4ttbara.","og_url":"https:\/\/www.gotlamm.se\/en\/product\/40-41-farskinnstofflor\/","og_site_name":"F\u00e5rskinn och lammskinn fr\u00e5n Gotland","article_modified_time":"2026-02-15T16:40:29+00:00","og_image":[{"width":1920,"height":2560,"url":"https:\/\/www.gotlamm.se\/wp-content\/uploads\/2026\/02\/IMG_5587-scaled.jpeg","type":"image\/jpeg"}],"twitter_card":"summary_large_image","twitter_misc":{"Est. reading time":"1 minute"},"schema":{"@context":"https:\/\/schema.org","@graph":[{"@type":"WebPage","@id":"https:\/\/www.gotlamm.se\/produkt\/40-41-farskinnstofflor\/","url":"https:\/\/www.gotlamm.se\/produkt\/40-41-farskinnstofflor\/","name":"40-41 F\u00e5rskinnstofflor - F\u00e5rskinn och lammskinn fr\u00e5n Gotland","isPartOf":{"@id":"https:\/\/www.gotlamm.se\/#website"},"primaryImageOfPage":{"@id":"https:\/\/www.gotlamm.se\/produkt\/40-41-farskinnstofflor\/#primaryimage"},"image":{"@id":"https:\/\/www.gotlamm.se\/produkt\/40-41-farskinnstofflor\/#primaryimage"},"thumbnailUrl":"https:\/\/www.gotlamm.se\/wp-content\/uploads\/2026\/02\/IMG_5587-scaled.jpeg","datePublished":"2026-02-15T16:35:11+00:00","dateModified":"2026-02-15T16:40:29+00:00","breadcrumb":{"@id":"https:\/\/www.gotlamm.se\/produkt\/40-41-farskinnstofflor\/#breadcrumb"},"inLanguage":"en-US","potentialAction":[{"@type":"ReadAction","target":["https:\/\/www.gotlamm.se\/produkt\/40-41-farskinnstofflor\/"]}]},{"@type":"ImageObject","inLanguage":"en-US","@id":"https:\/\/www.gotlamm.se\/produkt\/40-41-farskinnstofflor\/#primaryimage","url":"https:\/\/www.gotlamm.se\/wp-content\/uploads\/2026\/02\/IMG_5587-scaled.jpeg","contentUrl":"https:\/\/www.gotlamm.se\/wp-content\/uploads\/2026\/02\/IMG_5587-scaled.jpeg","width":1920,"height":2560},{"@type":"BreadcrumbList","@id":"https:\/\/www.gotlamm.se\/produkt\/40-41-farskinnstofflor\/#breadcrumb","itemListElement":[{"@type":"ListItem","position":1,"name":"Hem","item":"https:\/\/www.gotlamm.se\/"},{"@type":"ListItem","position":2,"name":"Webbutik","item":"https:\/\/www.gotlamm.se\/webbutik\/"},{"@type":"ListItem","position":3,"name":"40-41 F\u00e5rskinnstofflor"}]},{"@type":"WebSite","@id":"https:\/\/www.gotlamm.se\/#website","url":"https:\/\/www.gotlamm.se\/","name":"F\u00e5rskinn och lammskinn fr\u00e5n Gotland","description":"F\u00e5rskinn och lammskinn fr\u00e5n Gotland","publisher":{"@id":"https:\/\/www.gotlamm.se\/#organization"},"potentialAction":[{"@type":"SearchAction","target":{"@type":"EntryPoint","urlTemplate":"https:\/\/www.gotlamm.se\/?s={search_term_string}"},"query-input":{"@type":"PropertyValueSpecification","valueRequired":true,"valueName":"search_term_string"}}],"inLanguage":"en-US"},{"@type":"Organization","@id":"https:\/\/www.gotlamm.se\/#organization","name":"Gotlamm","url":"https:\/\/www.gotlamm.se\/","logo":{"@type":"ImageObject","inLanguage":"en-US","@id":"https:\/\/www.gotlamm.se\/#\/schema\/logo\/image\/","url":"https:\/\/www.gotlamm.se\/wp-content\/uploads\/2020\/10\/Gotlamm_Asofterworld1024_1.jpg","contentUrl":"https:\/\/www.gotlamm.se\/wp-content\/uploads\/2020\/10\/Gotlamm_Asofterworld1024_1.jpg","width":612,"height":548,"caption":"Gotlamm"},"image":{"@id":"https:\/\/www.gotlamm.se\/#\/schema\/logo\/image\/"}}]}},"_links":{"self":[{"href":"https:\/\/www.gotlamm.se\/en\/wp-json\/wp\/v2\/product\/15118","targetHints":{"allow":["GET"]}}],"collection":[{"href":"https:\/\/www.gotlamm.se\/en\/wp-json\/wp\/v2\/product"}],"about":[{"href":"https:\/\/www.gotlamm.se\/en\/wp-json\/wp\/v2\/types\/product"}],"wp:featuredmedia":[{"embeddable":true,"href":"https:\/\/www.gotlamm.se\/en\/wp-json\/wp\/v2\/media\/15113"}],"wp:attachment":[{"href":"https:\/\/www.gotlamm.se\/en\/wp-json\/wp\/v2\/media?parent=15118"}],"wp:term":[{"taxonomy":"product_brand","embeddable":true,"href":"https:\/\/www.gotlamm.se\/en\/wp-json\/wp\/v2\/product_brand?post=15118"},{"taxonomy":"product_cat","embeddable":true,"href":"https:\/\/www.gotlamm.se\/en\/wp-json\/wp\/v2\/product_cat?post=15118"},{"taxonomy":"product_tag","embeddable":true,"href":"https:\/\/www.gotlamm.se\/en\/wp-json\/wp\/v2\/product_tag?post=15118"}],"curies":[{"name":"wp","href":"https:\/\/api.w.org\/{rel}","templated":true}]}}